{"id":95,"date":"2025-10-25T18:44:50","date_gmt":"2025-10-25T18:44:50","guid":{"rendered":"https:\/\/skpr.no\/?page_id=95"},"modified":"2026-02-02T13:23:56","modified_gmt":"2026-02-02T13:23:56","slug":"kontakt-oss","status":"publish","type":"page","link":"https:\/\/skpr.no\/en\/kontakt-oss\/","title":{"rendered":"Contact Us"},"content":{"rendered":"<div data-elementor-type=\"wp-page\" data-elementor-id=\"95\" class=\"elementor elementor-95\">\n\t\t\t\t<div class=\"elementor-element elementor-element-b27d4a2 e-flex e-con-boxed e-con e-parent\" data-id=\"b27d4a2\" data-element_type=\"container\" data-settings=\"{&quot;background_background&quot;:&quot;classic&quot;}\">\n\t\t\t\t\t<div class=\"e-con-inner\">\n\t\t<div class=\"elementor-element elementor-element-c0d36b9 e-flex e-con-boxed e-con e-child\" data-id=\"c0d36b9\" data-element_type=\"container\" data-settings=\"{&quot;background_background&quot;:&quot;classic&quot;}\">\n\t\t\t\t\t<div class=\"e-con-inner\">\n\t\t<div class=\"elementor-element elementor-element-060829f e-con-full e-flex e-con e-child\" data-id=\"060829f\" data-element_type=\"container\">\n\t\t\t\t<div class=\"elementor-element elementor-element-75fab70 elementor-widget elementor-widget-heading\" data-id=\"75fab70\" data-element_type=\"widget\" data-widget_type=\"heading.default\">\n\t\t\t\t\t<h2 class=\"elementor-heading-title elementor-size-default\">Contact Us<\/h2>\t\t\t\t<\/div>\n\t\t\t\t<div class=\"elementor-element elementor-element-5c14ac2 elementor-widget elementor-widget-text-editor\" data-id=\"5c14ac2\" data-element_type=\"widget\" data-widget_type=\"text-editor.default\">\n\t\t\t\t\t\t\t\t\t<p>Get in touch with us for a non-binding conversation or more information <br \/>about our products. We are happy to help you find the right solution <br \/>for your needs.<\/p>\t\t\t\t\t\t\t\t<\/div>\n\t\t\t\t<div class=\"elementor-element elementor-element-38ce490 elementor-widget elementor-widget-text-editor\" data-id=\"38ce490\" data-element_type=\"widget\" data-widget_type=\"text-editor.default\">\n\t\t\t\t\t\t\t\t\t<p>Contact Information<br \/>Email: post@skpr.no <br \/>Phone: +47 456 80 000 <br \/>Address: Skoleveien 17, 9143 Skibotn<\/p>\t\t\t\t\t\t\t\t<\/div>\n\t\t\t\t<\/div>\n\t\t<div class=\"elementor-element elementor-element-f6a3778 e-con-full e-flex e-con e-child\" data-id=\"f6a3778\" data-element_type=\"container\">\n\t\t\t\t<div class=\"elementor-element elementor-element-bdc098c elementor-button-align-stretch elementor-widget elementor-widget-twbb_form\" data-id=\"bdc098c\" data-element_type=\"widget\" data-settings=\"{&quot;step_next_label&quot;:&quot;Next&quot;,&quot;step_previous_label&quot;:&quot;Previous&quot;,&quot;button_width&quot;:&quot;100&quot;,&quot;step_type&quot;:&quot;number_text&quot;,&quot;step_icon_shape&quot;:&quot;circle&quot;}\" data-widget_type=\"twbb_form.default\">\n\t\t\t\t<div class=\"elementor-widget-container\">\n\t\t\t\t\t\t\t<form class=\"elementor-form\" method=\"post\" name=\"New Form\" action=\"\">\n\t\t\t<input type=\"hidden\" name=\"post_id\" value=\"95\"\/>\n\t\t\t<input type=\"hidden\" name=\"form_id\" value=\"bdc098c\"\/>\n\t\t\t<input type=\"hidden\" name=\"referer_title\" value=\"\" \/>\n\n\t\t\t\n\t\t\t<div class=\"elementor-form-fields-wrapper elementor-labels-above\">\n\t\t\t\t\t\t\t\t<div class=\"elementor-field-type-text elementor-field-group elementor-column elementor-field-group-name elementor-col-100\">\n\t\t\t\t\t\t\t\t\t\t\t\t<label for=\"form-field-name\" class=\"elementor-field-label\">\n\t\t\t\t\t\t\t\tName\t\t\t\t\t\t\t<\/label>\n\t\t\t\t\t\t\t\t\t\t\t\t\t\t<input size=\"1\" type=\"text\" name=\"form_fields[name]\" id=\"form-field-name\" class=\"elementor-field elementor-size-sm  elementor-field-textual\" placeholder=\"Name\">\n\t\t\t\t\t\t\t\t\t\t\t<\/div>\n\t\t\t\t\t\t\t\t<div class=\"elementor-field-type-text elementor-field-group elementor-column elementor-field-group-field_b092833 elementor-col-100\">\n\t\t\t\t\t\t\t\t\t\t\t\t<label for=\"form-field-field_b092833\" class=\"elementor-field-label\">\n\t\t\t\t\t\t\t\tPhone\t\t\t\t\t\t\t<\/label>\n\t\t\t\t\t\t\t\t\t\t\t\t\t\t<input size=\"1\" type=\"text\" name=\"form_fields[field_b092833]\" id=\"form-field-field_b092833\" class=\"elementor-field elementor-size-sm  elementor-field-textual\" placeholder=\"Phone\">\n\t\t\t\t\t\t\t\t\t\t\t<\/div>\n\t\t\t\t\t\t\t\t<div class=\"elementor-field-type-email elementor-field-group elementor-column elementor-field-group-email elementor-col-100 elementor-field-required\">\n\t\t\t\t\t\t\t\t\t\t\t\t<label for=\"form-field-email\" class=\"elementor-field-label\">\n\t\t\t\t\t\t\t\tEmail\t\t\t\t\t\t\t<\/label>\n\t\t\t\t\t\t\t\t\t\t\t\t\t\t<input size=\"1\" type=\"email\" name=\"form_fields[email]\" id=\"form-field-email\" class=\"elementor-field elementor-size-sm  elementor-field-textual\" placeholder=\"Email\" required=\"required\" aria-required=\"true\">\n\t\t\t\t\t\t\t\t\t\t\t<\/div>\n\t\t\t\t\t\t\t\t<div class=\"elementor-field-type-textarea elementor-field-group elementor-column elementor-field-group-message elementor-col-100\">\n\t\t\t\t\t\t\t\t\t\t\t\t<label for=\"form-field-message\" class=\"elementor-field-label\">\n\t\t\t\t\t\t\t\tMessage\t\t\t\t\t\t\t<\/label>\n\t\t\t\t\t\t<textarea class=\"elementor-field-textual elementor-field  elementor-size-sm\" name=\"form_fields[message]\" id=\"form-field-message\" rows=\"4\" placeholder=\"Message\"><\/textarea>\t\t\t\t<\/div>\n\t\t\t\t\t\t\t\t<div class=\"elementor-field-group elementor-column elementor-field-type-submit elementor-col-100 e-form__buttons\">\n\t\t\t\t\t<button type=\"submit\" class=\"elementor-button\">\n\t\t\t\t\t\t<span >\n\t\t\t\t\t\t\t\t\t\t\t\t\t\t\t<span class=\"elementor-button-icon\">\n\t\t\t\t\t\t\t\t\t\t\t\t\t\t\t\t\t\t\t\t\t\t\t\t\t\t<\/span>\n\t\t\t\t\t\t\t\t\t\t\t\t\t\t\t\t\t\t\t\t\t\t<span class=\"elementor-button-text\">Send<\/span>\n\t\t\t\t\t\t\t\t\t\t\t\t\t<\/span>\n\t\t\t\t\t<\/button>\n          <button type=\"reset\" class=\"elementor-button elementor-hidden\">\n\t\t\t\t\t\t<span >\n\t\t\t\t\t\t\t              \t\t\t\t\t\t<\/span>\n          <\/button>\n\t\t\t\t<\/div>\n            \t\t\t<\/div>\n\t\t<input type=\"hidden\" name=\"trp-form-language\" value=\"en\"\/><\/form>\n\t\t\t\t\t\t<\/div>\n\t\t\t\t<\/div>\n\t\t\t\t<\/div>\n\t\t\t\t\t<\/div>\n\t\t\t\t<\/div>\n\t\t\t\t\t<\/div>\n\t\t\t\t<\/div>\n\t\t<div class=\"elementor-element elementor-element-3d04a342 twbb_section e-flex e-con-boxed e-con e-parent\" data-id=\"3d04a342\" data-element_type=\"container\" data-settings=\"{&quot;background_background&quot;:&quot;classic&quot;}\">\n\t\t\t\t\t<div class=\"e-con-inner\">\n\t\t<div class=\"elementor-element elementor-element-5ccd7876 e-con-full e-flex e-con e-child\" data-id=\"5ccd7876\" data-element_type=\"container\">\n\t\t\t\t<div class=\"elementor-element elementor-element-6288666a elementor-widget__width-initial elementor-widget-mobile__width-inherit elementor-widget-tablet__width-initial twbb-nav-menu__align-left twbb-nav-menu__align-mobile-center twbb-responsive-nav-menu--mobile-horizontal twbb-responsive-nav-menu--horizontal twbb-responsive-nav-menu--tablet-dropdown twbb-nav-menu--indicator-classic twbb-nav-menu--toggle twbb-nav-menu--burger twbb-nav-menu--stretch yes twbb-nav-menu__text-align-center elementor-widget elementor-widget-twbb-nav-menu\" data-id=\"6288666a\" data-element_type=\"widget\" data-settings=\"{&quot;layout_mobile&quot;:&quot;horizontal&quot;,&quot;layout&quot;:&quot;horizontal&quot;,&quot;layout_tablet&quot;:&quot;dropdown&quot;,&quot;toggle&quot;:&quot;burger&quot;,&quot;full_width&quot;:&quot; yes&quot;}\" data-widget_type=\"twbb-nav-menu.default\">\n\t\t\t\t<div class=\"elementor-widget-container\">\n\t\t\t\t\t        <nav class=\"twbb-nav-menu--main twbb-nav-menu__container e--pointer-none\">\n            <ul id=\"menu-1-6288666a\" class=\"twbb-nav-menu twbb-menu_term_id-0\"><li class=\"menu-item menu-item-type-custom menu-item-object-custom menu-item-189\"><a href=\"\/en\/Hjem\/\" class=\"twbb-item\">Home<\/a><\/li>\n<li class=\"menu-item menu-item-type-post_type menu-item-object-page menu-item-has-children menu-item-188\"><a href=\"https:\/\/skpr.no\/en\/tjenester-2\/\" class=\"twbb-item\">Our Products<\/a>\n<ul class=\"sub-menu twbb-nav-menu--dropdown\">\n\t<li class=\"menu-item menu-item-type-post_type menu-item-object-page menu-item-352\"><a href=\"https:\/\/skpr.no\/en\/co%e2%82%82-kondenseringsaggregater\/\" class=\"twbb-sub-item\">CO\u2082 Condensing Units<\/a><\/li>\n\t<li class=\"menu-item menu-item-type-post_type menu-item-object-page menu-item-349\"><a href=\"https:\/\/skpr.no\/en\/new-page\/\" class=\"twbb-sub-item\">CO\u2082 RSW<\/a><\/li>\n\t<li class=\"menu-item menu-item-type-post_type menu-item-object-page menu-item-437\"><a href=\"https:\/\/skpr.no\/en\/kompaktaggregat\/\" class=\"twbb-sub-item\">Compact unit<\/a><\/li>\n\t<li class=\"menu-item menu-item-type-post_type menu-item-object-page menu-item-462\"><a href=\"https:\/\/skpr.no\/en\/co%e2%82%82-vannkjolt-kondenseringsaggregat\/\" class=\"twbb-sub-item\">CO\u2082 water-cooled condensing unit<\/a><\/li>\n<\/ul>\n<\/li>\n<li class=\"menu-item menu-item-type-post_type menu-item-object-page menu-item-98\"><a href=\"https:\/\/skpr.no\/en\/kontakt-oss\/\" class=\"twbb-item\">Contact Us<\/a><\/li>\n<\/ul>        <\/nav>\n            <div class=\"twbb-menu-toggle\" role=\"button\" tabindex=\"0\" aria-label=\"Menu Toggle\" aria-expanded=\"false\">\n            <svg aria-hidden=\"true\" role=\"presentation\" class=\"twbb-menu-toggle__icon--open e-font-icon-svg e-eicon-menu-bar\" viewbox=\"0 0 1000 1000\" xmlns=\"http:\/\/www.w3.org\/2000\/svg\"><path d=\"M104 333H896C929 333 958 304 958 271S929 208 896 208H104C71 208 42 237 42 271S71 333 104 333ZM104 583H896C929 583 958 554 958 521S929 458 896 458H104C71 458 42 487 42 521S71 583 104 583ZM104 833H896C929 833 958 804 958 771S929 708 896 708H104C71 708 42 737 42 771S71 833 104 833Z\"><\/path><\/svg><svg aria-hidden=\"true\" role=\"presentation\" class=\"twbb-menu-toggle__icon--close e-font-icon-svg e-eicon-close\" viewbox=\"0 0 1000 1000\" xmlns=\"http:\/\/www.w3.org\/2000\/svg\"><path d=\"M742 167L500 408 258 167C246 154 233 150 217 150 196 150 179 158 167 167 154 179 150 196 150 212 150 229 154 242 171 254L408 500 167 742C138 771 138 800 167 829 196 858 225 858 254 829L496 587 738 829C750 842 767 846 783 846 800 846 817 842 829 829 842 817 846 804 846 783 846 767 842 750 829 737L588 500 833 258C863 229 863 200 833 171 804 137 775 137 742 167Z\"><\/path><\/svg>            <span class=\"elementor-screen-only\">Menu<\/span>\n        <\/div>\n            <nav class=\"twbb-nav-menu--dropdown twbb-nav-menu__container\">\n        <ul id=\"menu-2-6288666a\" class=\"twbb-nav-menu twbb-menu_term_id-0\"><li class=\"menu-item menu-item-type-custom menu-item-object-custom menu-item-189\"><a href=\"\/en\/Hjem\/\" class=\"twbb-item\">Home<\/a><\/li>\n<li class=\"menu-item menu-item-type-post_type menu-item-object-page menu-item-has-children menu-item-188\"><a href=\"https:\/\/skpr.no\/en\/tjenester-2\/\" class=\"twbb-item\">Our Products<\/a>\n<ul class=\"sub-menu twbb-nav-menu--dropdown\">\n\t<li class=\"menu-item menu-item-type-post_type menu-item-object-page menu-item-352\"><a href=\"https:\/\/skpr.no\/en\/co%e2%82%82-kondenseringsaggregater\/\" class=\"twbb-sub-item\">CO\u2082 Condensing Units<\/a><\/li>\n\t<li class=\"menu-item menu-item-type-post_type menu-item-object-page menu-item-349\"><a href=\"https:\/\/skpr.no\/en\/new-page\/\" class=\"twbb-sub-item\">CO\u2082 RSW<\/a><\/li>\n\t<li class=\"menu-item menu-item-type-post_type menu-item-object-page menu-item-437\"><a href=\"https:\/\/skpr.no\/en\/kompaktaggregat\/\" class=\"twbb-sub-item\">Compact unit<\/a><\/li>\n\t<li class=\"menu-item menu-item-type-post_type menu-item-object-page menu-item-462\"><a href=\"https:\/\/skpr.no\/en\/co%e2%82%82-vannkjolt-kondenseringsaggregat\/\" class=\"twbb-sub-item\">CO\u2082 water-cooled condensing unit<\/a><\/li>\n<\/ul>\n<\/li>\n<li class=\"menu-item menu-item-type-post_type menu-item-object-page menu-item-98\"><a href=\"https:\/\/skpr.no\/en\/kontakt-oss\/\" class=\"twbb-item\">Contact Us<\/a><\/li>\n<\/ul>    <\/nav>\n          <style>\n          .twbb-nav-menu ul {display: none;}      <\/style>\n    \t\t\t\t<\/div>\n\t\t\t\t<\/div>\n\t\t\t\t<\/div>\n\t\t<div class=\"elementor-element elementor-element-ead9ff2 e-con-full e-flex e-con e-child\" data-id=\"ead9ff2\" data-element_type=\"container\">\n\t\t\t\t<div class=\"elementor-element elementor-element-28c79317 elementor-widget__width-initial elementor-widget-mobile__width-inherit elementor-widget-tablet__width-initial elementor-invisible elementor-widget elementor-widget-text-editor\" data-id=\"28c79317\" data-element_type=\"widget\" data-settings=\"{&quot;_animation&quot;:&quot;fadeInUp&quot;}\" data-widget_type=\"text-editor.default\">\n\t\t\t\t\t\t\t\t\t<p><strong>Skibotn Production AS 2026<\/strong><\/p>\t\t\t\t\t\t\t\t<\/div>\n\t\t\t\t<\/div>\n\t\t\t\t\t<\/div>\n\t\t\t\t<\/div>\n\t\t\t\t<\/div>","protected":false},"excerpt":{"rendered":"<p>Kontakt oss Ta kontakt med oss for en uforpliktende samtale eller mer informasjon om v\u00e5re produkter. Vi hjelper deg gjerne med \u00e5 finne den riktige l\u00f8sningen for ditt behov. KontaktinformasjonE-post: post@skpr.no Telefon: +47 456 80 000 Adresse: Skoleveien 17, 9143 Skibotn Skibotn Production AS 2026<\/p>","protected":false},"author":3,"featured_media":0,"parent":0,"menu_order":0,"comment_status":"closed","ping_status":"closed","template":"","meta":{"inline_featured_image":false,"two_page_speed":[],"footnotes":""},"class_list":["post-95","page","type-page","status-publish","hentry"],"_links":{"self":[{"href":"https:\/\/skpr.no\/en\/wp-json\/wp\/v2\/pages\/95","targetHints":{"allow":["GET"]}}],"collection":[{"href":"https:\/\/skpr.no\/en\/wp-json\/wp\/v2\/pages"}],"about":[{"href":"https:\/\/skpr.no\/en\/wp-json\/wp\/v2\/types\/page"}],"author":[{"embeddable":true,"href":"https:\/\/skpr.no\/en\/wp-json\/wp\/v2\/users\/3"}],"replies":[{"embeddable":true,"href":"https:\/\/skpr.no\/en\/wp-json\/wp\/v2\/comments?post=95"}],"version-history":[{"count":0,"href":"https:\/\/skpr.no\/en\/wp-json\/wp\/v2\/pages\/95\/revisions"}],"wp:attachment":[{"href":"https:\/\/skpr.no\/en\/wp-json\/wp\/v2\/media?parent=95"}],"curies":[{"name":"wp","href":"https:\/\/api.w.org\/{rel}","templated":true}]}}